{"id":2,"date":"2025-12-26T00:08:42","date_gmt":"2025-12-26T00:08:42","guid":{"rendered":"https:\/\/high-techtrading.com\/?page_id=2"},"modified":"2025-12-26T08:51:35","modified_gmt":"2025-12-26T08:51:35","slug":"sample-page","status":"publish","type":"page","link":"https:\/\/high-techtrading.com\/?page_id=2","title":{"rendered":"H\u1ec7 Sinh Th\u00e1i Fintech AI Trading"},"content":{"rendered":"\r\n<p>Trong k\u1ef7 nguy\u00ean t\u00e0i ch\u00ednh s\u1ed1, s\u1ef1 k\u1ebft h\u1ee3p gi\u1eefa <b data-path-to-node=\"0\" data-index-in-node=\"46\">H\u1ec7 sinh th\u00e1i thu\u1eadt to\u00e1n trading<\/b> v\u00e0 <b data-path-to-node=\"0\" data-index-in-node=\"81\">Tr\u00ed tu\u1ec7 nh\u00e2n t\u1ea1o (AI)<\/b> kh\u00f4ng ch\u1ec9 \u0111\u01a1n thu\u1ea7n l\u00e0 t\u1ef1 \u0111\u1ed9ng h\u00f3a c\u00e1c l\u1ec7nh mua b\u00e1n, m\u00e0 l\u00e0 m\u1ed9t cu\u1ed9c c\u00e1ch m\u1ea1ng v\u1ec1 t\u01b0 duy \u0111\u1ea7u t\u01b0.<\/p>\r\n\r\n\r\n\r\n<blockquote class=\"wp-block-quote is-layout-flow wp-block-quote-is-layout-flow\"><\/blockquote>\r\n<p>&nbsp;<\/p>\r\n<h2 data-path-to-node=\"3\">1. Kh\u1ea3 n\u0103ng ph\u00e2n t\u00edch \u0111a t\u1ea7ng (Multi-layered Analysis)<\/h2>\r\n<p data-path-to-node=\"4\">Kh\u00e1c v\u1edbi c\u00e1c thu\u1eadt to\u00e1n truy\u1ec1n th\u1ed1ng ch\u1ec9 d\u1ef1a tr\u00ean c\u00e1c ch\u1ec9 b\u00e1o k\u1ef9 thu\u1eadt (RSI, MACD&#8230;), AI c\u00f3 kh\u1ea3 n\u0103ng x\u1eed l\u00fd <b data-path-to-node=\"4\" data-index-in-node=\"108\">D\u1eef li\u1ec7u l\u1edbn (Big Data)<\/b> t\u1eeb nhi\u1ec1u ngu\u1ed3n kh\u00e1c nhau:<\/p>\r\n<ul data-path-to-node=\"5\">\r\n<li>\r\n<p data-path-to-node=\"5,0,0\"><b data-path-to-node=\"5,0,0\" data-index-in-node=\"0\">D\u1eef li\u1ec7u \u0111\u1ecbnh l\u01b0\u1ee3ng:<\/b> Gi\u00e1, kh\u1ed1i l\u01b0\u1ee3ng, d\u00f2ng ti\u1ec1n th\u1eddi gian th\u1ef1c.<\/p>\r\n<\/li>\r\n<li>\r\n<p data-path-to-node=\"5,1,0\"><b data-path-to-node=\"5,1,0\" data-index-in-node=\"0\">D\u1eef li\u1ec7u \u0111\u1ecbnh t\u00ednh (NLP):<\/b> Qu\u00e9t tin t\u1ee9c t\u00e0i ch\u00ednh, b\u00e1o c\u00e1o thu nh\u1eadp, v\u00e0 th\u1eadm ch\u00ed l\u00e0 t\u00e2m l\u00fd \u0111\u00e1m \u0111\u00f4ng tr\u00ean m\u1ea1ng x\u00e3 h\u1ed9i (X, Reddit) \u0111\u1ec3 d\u1ef1 b\u00e1o xu h\u01b0\u1edbng.<\/p>\r\n<\/li>\r\n<li>\r\n<p data-path-to-node=\"5,2,0\"><b data-path-to-node=\"5,2,0\" data-index-in-node=\"0\">T\u01b0\u01a1ng quan li\u00ean th\u1ecb tr\u01b0\u1eddng:<\/b> Ph\u00e2n t\u00edch s\u1ef1 \u1ea3nh h\u01b0\u1edfng l\u1eabn nhau gi\u1eefa c\u00e1c l\u1edbp t\u00e0i s\u1ea3n nh\u01b0 V\u00e0ng, D\u1ea7u, Ch\u1ee9ng kho\u00e1n v\u00e0 Crypto.<\/p>\r\n<\/li>\r\n<\/ul>\r\n<h2 data-path-to-node=\"6\">2. Lo\u1ea1i b\u1ecf r\u00e0o c\u1ea3n t\u00e2m l\u00fd v\u00e0 c\u1ea3m x\u00fac<\/h2>\r\n<p data-path-to-node=\"7\">Sai l\u1ea7m l\u1edbn nh\u1ea5t c\u1ee7a nh\u00e0 giao d\u1ecbch th\u01b0\u1eddng \u0111\u1ebfn t\u1eeb <b data-path-to-node=\"7\" data-index-in-node=\"49\">S\u1ee3 h\u00e3i (Fear)<\/b> v\u00e0 <b data-path-to-node=\"7\" data-index-in-node=\"66\">Tham lam (Greed)<\/b>.<\/p>\r\n<ul data-path-to-node=\"8\">\r\n<li>\r\n<p data-path-to-node=\"8,0,0\"><b data-path-to-node=\"8,0,0\" data-index-in-node=\"0\">K\u1ef7 lu\u1eadt tuy\u1ec7t \u0111\u1ed1i:<\/b> H\u1ec7 th\u1ed1ng th\u1ef1c thi l\u1ec7nh d\u1ef1a tr\u00ean logic \u0111\u00e3 \u0111\u01b0\u1ee3c ki\u1ec3m ch\u1ee9ng, kh\u00f4ng b\u1ecb t\u00e1c \u0111\u1ed9ng b\u1edfi c\u1ea3m gi\u00e1c &#8220;ti\u1ebfc nu\u1ed1i&#8221; khi c\u1eaft l\u1ed7 hay &#8220;fomo&#8221; khi gi\u00e1 t\u0103ng n\u00f3ng.<\/p>\r\n<\/li>\r\n<li>\r\n<p data-path-to-node=\"8,1,0\"><b data-path-to-node=\"8,1,0\" data-index-in-node=\"0\">T\u00ednh nh\u1ea5t qu\u00e1n:<\/b> \u0110\u1ea3m b\u1ea3o m\u1ecdi giao d\u1ecbch \u0111\u1ec1u tu\u00e2n th\u1ee7 chi\u1ebfn l\u01b0\u1ee3c \u0111\u1ec1 ra, gi\u00fap duy tr\u00ec hi\u1ec7u su\u1ea5t \u1ed5n \u0111\u1ecbnh trong d\u00e0i h\u1ea1n.<\/p>\r\n<\/li>\r\n<\/ul>\r\n<h2 data-path-to-node=\"9\">3. T\u1ed1c \u0111\u1ed9 v\u00e0 Hi\u1ec7u su\u1ea5t v\u01b0\u1ee3t tr\u1ed9i<\/h2>\r\n<p data-path-to-node=\"10\">Trong trading, m\u1ed9t mili gi\u00e2y c\u00f3 th\u1ec3 quy\u1ebft \u0111\u1ecbnh l\u1ee3i nhu\u1eadn hay thua l\u1ed7.<\/p>\r\n<ul data-path-to-node=\"11\">\r\n<li>\r\n<p data-path-to-node=\"11,0,0\"><b data-path-to-node=\"11,0,0\" data-index-in-node=\"0\">Kh\u1edbp l\u1ec7nh si\u00eau t\u1ed1c:<\/b> AI c\u00f3 th\u1ec3 qu\u00e9t h\u00e0ng ngh\u00ecn m\u00e3 c\u1ed5 phi\u1ebfu ho\u1eb7c c\u1eb7p ti\u1ec1n t\u1ec7 c\u00f9ng l\u00fac v\u00e0 \u0111\u1eb7t l\u1ec7nh ngay khi \u0111i\u1ec1u ki\u1ec7n th\u1ecfa m\u00e3n, \u0111i\u1ec1u m\u00e0 con ng\u01b0\u1eddi kh\u00f4ng th\u1ec3 l\u00e0m \u0111\u01b0\u1ee3c.<\/p>\r\n<\/li>\r\n<li>\r\n<p data-path-to-node=\"11,1,0\"><b data-path-to-node=\"11,1,0\" data-index-in-node=\"0\">T\u1ed1i \u01b0u h\u00f3a m\u1ee9c gi\u00e1 (Smart Order Routing):<\/b> H\u1ec7 th\u1ed1ng t\u1ef1 \u0111\u1ed9ng chia nh\u1ecf l\u1ec7nh v\u00e0 t\u00ecm ki\u1ebfm v\u00f9ng thanh kho\u1ea3n t\u1ed1t nh\u1ea5t \u0111\u1ec3 gi\u1ea3m thi\u1ec3u tr\u01b0\u1ee3t gi\u00e1 (Slippage).<\/p>\r\n<\/li>\r\n<\/ul>\r\n<h2 data-path-to-node=\"12\">4. C\u01a1 ch\u1ebf t\u1ef1 th\u00edch nghi (Machine Learning)<\/h2>\r\n<p data-path-to-node=\"13\">\u0110\u00e2y l\u00e0 gi\u00e1 tr\u1ecb &#8220;\u0111\u1eaft gi\u00e1&#8221; nh\u1ea5t c\u1ee7a AI. Th\u1ecb tr\u01b0\u1eddng lu\u00f4n thay \u0111\u1ed5i, v\u00e0 c\u00e1c thu\u1eadt to\u00e1n t\u0129nh th\u01b0\u1eddng b\u1ecb l\u1ed7i th\u1eddi sau m\u1ed9t th\u1eddi gian.<\/p>\r\n<ul data-path-to-node=\"14\">\r\n<li>\r\n<p data-path-to-node=\"14,0,0\"><b data-path-to-node=\"14,0,0\" data-index-in-node=\"0\">H\u1ecdc m\u00e1y (Machine Learning):<\/b> AI li\u00ean t\u1ee5c c\u1eadp nh\u1eadt d\u1eef li\u1ec7u m\u1edbi \u0111\u1ec3 \u0111i\u1ec1u ch\u1ec9nh c\u00e1c tham s\u1ed1 trong thu\u1eadt to\u00e1n, gi\u00fap h\u1ec7 th\u1ed1ng &#8220;ti\u1ebfn h\u00f3a&#8221; theo \u0111i\u1ec1u ki\u1ec7n th\u1ecb tr\u01b0\u1eddng (t\u1eeb th\u1ecb tr\u01b0\u1eddng c\u00f3 xu h\u01b0\u1edbng sang th\u1ecb tr\u01b0\u1eddng \u0111i ngang).<\/p>\r\n<\/li>\r\n<li>\r\n<p data-path-to-node=\"14,1,0\"><b data-path-to-node=\"14,1,0\" data-index-in-node=\"0\">Ki\u1ec3m tra ng\u01b0\u1ee3c (Backtesting) &amp; T\u1ed1i \u01b0u h\u00f3a:<\/b> AI c\u00f3 kh\u1ea3 n\u0103ng ch\u1ea1y h\u00e0ng tri\u1ec7u k\u1ecbch b\u1ea3n gi\u1ea3 l\u1eadp trong qu\u00e1 kh\u1ee9 \u0111\u1ec3 t\u00ecm ra chi\u1ebfn l\u01b0\u1ee3c c\u00f3 x\u00e1c su\u1ea5t th\u1eafng cao nh\u1ea5t tr\u01b0\u1edbc khi mang v\u00e0o th\u1ef1c t\u1ebf.<\/p>\r\n<\/li>\r\n<\/ul>\r\n<h2 data-path-to-node=\"15\">5. Qu\u1ea3n tr\u1ecb r\u1ee7i ro th\u00f4ng minh<\/h2>\r\n<p data-path-to-node=\"16\">H\u1ec7 sinh th\u00e1i AI kh\u00f4ng ch\u1ec9 t\u00ecm ki\u1ebfm l\u1ee3i nhu\u1eadn m\u00e0 c\u00f2n l\u00e0 m\u1ed9t &#8220;ng\u01b0\u1eddi g\u00e1c \u0111\u1ec1n&#8221; m\u1eabn c\u00e1n:<\/p>\r\n<ul data-path-to-node=\"17\">\r\n<li>\r\n<p data-path-to-node=\"17,0,0\"><b data-path-to-node=\"17,0,0\" data-index-in-node=\"0\">D\u1ef1 b\u00e1o bi\u1ebfn \u0111\u1ed9ng (Volatility Forecasting):<\/b> T\u1ef1 \u0111\u1ed9ng gi\u1ea3m t\u1ef7 tr\u1ecdng danh m\u1ee5c ho\u1eb7c \u0111\u00f3ng v\u1ecb th\u1ebf khi nh\u1eadn th\u1ea5y d\u1ea5u hi\u1ec7u r\u1ee7i ro h\u1ec7 th\u1ed1ng t\u0103ng cao.<\/p>\r\n<\/li>\r\n<li>\r\n<p data-path-to-node=\"17,1,0\"><b data-path-to-node=\"17,1,0\" data-index-in-node=\"0\">C\u1eaft l\u1ed7 \u0111\u1ed9ng (Trailing Stop):<\/b> T\u1ed1i \u01b0u h\u00f3a vi\u1ec7c ch\u1ed1t l\u1eddi v\u00e0 b\u1ea3o v\u1ec7 v\u1ed1n m\u1ed9t c\u00e1ch linh ho\u1ea1t theo \u0111\u1ed9 bi\u1ebfn \u0111\u1ed9ng c\u1ee7a t\u00e0i s\u1ea3n.<\/p>\r\n<\/li>\r\n<\/ul>\r\n<hr data-path-to-node=\"18\" \/>\r\n<h3 data-path-to-node=\"19\">B\u1ea3ng so s\u00e1nh: Trading truy\u1ec1n th\u1ed1ng vs. H\u1ec7 sinh th\u00e1i AI Trading<\/h3>\r\n<table data-path-to-node=\"20\">\r\n<thead>\r\n<tr>\r\n<td><strong>\u0110\u1eb7c \u0111i\u1ec3m<\/strong><\/td>\r\n<td><strong>Trading truy\u1ec1n th\u1ed1ng<\/strong><\/td>\r\n<td><strong>H\u1ec7 sinh th\u00e1i Thu\u1eadt to\u00e1n AI<\/strong><\/td>\r\n<\/tr>\r\n<\/thead>\r\n<tbody>\r\n<tr>\r\n<td><span data-path-to-node=\"20,1,0,0\"><b data-path-to-node=\"20,1,0,0\" data-index-in-node=\"0\">T\u1ed1c \u0111\u1ed9 x\u1eed l\u00fd<\/b><\/span><\/td>\r\n<td><span data-path-to-node=\"20,1,1,0\">Gi\u1edbi h\u1ea1n b\u1edfi con ng\u01b0\u1eddi<\/span><\/td>\r\n<td><span data-path-to-node=\"20,1,2,0\">Mili gi\u00e2y (T\u1ed1c \u0111\u1ed9 m\u00e1y t\u00ednh)<\/span><\/td>\r\n<\/tr>\r\n<tr>\r\n<td><span data-path-to-node=\"20,2,0,0\"><b data-path-to-node=\"20,2,0,0\" data-index-in-node=\"0\">Y\u1ebfu t\u1ed1 c\u1ea3m x\u00fac<\/b><\/span><\/td>\r\n<td><span data-path-to-node=\"20,2,1,0\">D\u1ec5 b\u1ecb chi ph\u1ed1i (FOMO, s\u1ee3 h\u00e3i)<\/span><\/td>\r\n<td><span data-path-to-node=\"20,2,2,0\">0% c\u1ea3m x\u00fac, 100% logic<\/span><\/td>\r\n<\/tr>\r\n<tr>\r\n<td><span data-path-to-node=\"20,3,0,0\"><b data-path-to-node=\"20,3,0,0\" data-index-in-node=\"0\">Ngu\u1ed3n d\u1eef li\u1ec7u<\/b><\/span><\/td>\r\n<td><span data-path-to-node=\"20,3,1,0\">Bi\u1ec3u \u0111\u1ed3 gi\u00e1, tin t\u1ee9c c\u01a1 b\u1ea3n<\/span><\/td>\r\n<td><span data-path-to-node=\"20,3,2,0\">Big Data, Tin t\u1ee9c, T\u00e2m l\u00fd m\u1ea1ng x\u00e3 h\u1ed9i<\/span><\/td>\r\n<\/tr>\r\n<tr>\r\n<td><span data-path-to-node=\"20,4,0,0\"><b data-path-to-node=\"20,4,0,0\" data-index-in-node=\"0\">T\u00ednh linh ho\u1ea1t<\/b><\/span><\/td>\r\n<td><span data-path-to-node=\"20,4,1,0\">C\u1ed1 \u0111\u1ecbnh, kh\u00f3 thay \u0111\u1ed5i nhanh<\/span><\/td>\r\n<td><span data-path-to-node=\"20,4,2,0\">T\u1ef1 h\u1ecdc v\u00e0 th\u00edch nghi li\u00ean t\u1ee5c<\/span><\/td>\r\n<\/tr>\r\n<tr>\r\n<td><span data-path-to-node=\"20,5,0,0\"><b data-path-to-node=\"20,5,0,0\" data-index-in-node=\"0\">Th\u1eddi gian v\u1eadn h\u00e0nh<\/b><\/span><\/td>\r\n<td><span data-path-to-node=\"20,5,1,0\">C\u00f3 gi\u1edbi h\u1ea1n (c\u1ea7n ngh\u1ec9 ng\u01a1i)<\/span><\/td>\r\n<td><span data-path-to-node=\"20,5,2,0\">24\/7 kh\u00f4ng ngh\u1ec9<\/span><\/td>\r\n<\/tr>\r\n<\/tbody>\r\n<\/table>\r\n","protected":false},"excerpt":{"rendered":"<p>Trong k\u1ef7 nguy\u00ean t\u00e0i ch\u00ednh s\u1ed1, s\u1ef1 k\u1ebft h\u1ee3p gi\u1eefa H\u1ec7 sinh th\u00e1i thu\u1eadt to\u00e1n trading v\u00e0 Tr\u00ed tu\u1ec7 nh\u00e2n t\u1ea1o (AI) kh\u00f4ng ch\u1ec9 \u0111\u01a1n thu\u1ea7n l\u00e0 t\u1ef1 \u0111\u1ed9ng h\u00f3a c\u00e1c l\u1ec7nh mua b\u00e1n, m\u00e0 l\u00e0 m\u1ed9t cu\u1ed9c c\u00e1ch m\u1ea1ng v\u1ec1 t\u01b0 duy \u0111\u1ea7u t\u01b0. &nbsp; 1. Kh\u1ea3 n\u0103ng ph\u00e2n t\u00edch \u0111a t\u1ea7ng (Multi-layered Analysis) [&hellip;]<\/p>\n","protected":false},"author":1,"featured_media":0,"parent":0,"menu_order":0,"comment_status":"closed","ping_status":"open","template":"","meta":{"footnotes":""},"class_list":["post-2","page","type-page","status-publish","hentry"],"_links":{"self":[{"href":"https:\/\/high-techtrading.com\/index.php?rest_route=\/wp\/v2\/pages\/2","targetHints":{"allow":["GET"]}}],"collection":[{"href":"https:\/\/high-techtrading.com\/index.php?rest_route=\/wp\/v2\/pages"}],"about":[{"href":"https:\/\/high-techtrading.com\/index.php?rest_route=\/wp\/v2\/types\/page"}],"author":[{"embeddable":true,"href":"https:\/\/high-techtrading.com\/index.php?rest_route=\/wp\/v2\/users\/1"}],"replies":[{"embeddable":true,"href":"https:\/\/high-techtrading.com\/index.php?rest_route=%2Fwp%2Fv2%2Fcomments&post=2"}],"version-history":[{"count":2,"href":"https:\/\/high-techtrading.com\/index.php?rest_route=\/wp\/v2\/pages\/2\/revisions"}],"predecessor-version":[{"id":44,"href":"https:\/\/high-techtrading.com\/index.php?rest_route=\/wp\/v2\/pages\/2\/revisions\/44"}],"wp:attachment":[{"href":"https:\/\/high-techtrading.com\/index.php?rest_route=%2Fwp%2Fv2%2Fmedia&parent=2"}],"curies":[{"name":"wp","href":"https:\/\/api.w.org\/{rel}","templated":true}]}}